{"id":1987,"date":"2018-05-20T15:25:46","date_gmt":"2018-05-20T18:25:46","guid":{"rendered":"http:\/\/engenharia.unisanta.br\/computacao\/?page_id=1987"},"modified":"2019-02-27T16:31:34","modified_gmt":"2019-02-27T19:31:34","slug":"engenharia-eletronica","status":"publish","type":"page","link":"https:\/\/engenharia.unisanta.br\/computacao\/engenharia-eletronica\/","title":{"rendered":"Engenharia Eletr\u00f4nica"},"content":{"rendered":"<p>Voc\u00ea sabe o que faz um engenheiro eletr\u00f4nico? O engenheiro eletr\u00f4nico \u00e9 um profissional especializado que possui os conhecimentos e as habilidades espec\u00edficas necess\u00e1rias para o projeto e desenvolvimento de componentes e sistemas eletr\u00f4nicos.<\/p>\n<p><iframe loading=\"lazy\" width=\"840\" height=\"473\" src=\"https:\/\/www.youtube.com\/embed\/-d7LNvtgZUs?feature=oembed\" frameborder=\"0\" allow=\"accelerometer; autoplay; encrypted-media; gyroscope; picture-in-picture\" allowfullscreen><\/iframe><\/p>\n<p>Suas habilidades envolvem desde o estudo e a especifica\u00e7\u00e3o dos materiais a serem utilizados at\u00e9 a perfeita integra\u00e7\u00e3o entre os diferentes equipamentos eletroeletr\u00f4nicos e as tecnologias de hardware e software que, corretamente combinadas, permitir\u00e3o que os objetivos propostos sejam atingidos.<\/p>\n<h2>Mercado de trabalho<\/h2>\n<p>O engenheiro eletr\u00f4nico \u00e9 o profissional preparado para atuar no mercado de trabalho em companhias e empresas nas \u00e1reas de automa\u00e7\u00e3o industrial, sistemas de telecomunica\u00e7\u00f5es, desenvolvimento de equipamentos eletr\u00f4nicos, projeto e opera\u00e7\u00e3o de sensores e atuadores industriais, opera\u00e7\u00e3o e manuten\u00e7\u00e3o de equipamentos eletr\u00f4nicos, controle e gerenciamento de processos industriais, pesquisa e implementa\u00e7\u00e3o de sistemas utilizando energias renov\u00e1veis, entre outras.<\/p>\n<p>O profissional deve ser capaz de explorar toda a capacidade de equipamentos de alta performance tecnol\u00f3gica para utiliza\u00e7\u00e3o nas mais diversas \u00e1reas, atuando em \u00e1reas como Telecomunica\u00e7\u00f5es, Automa\u00e7\u00e3o Industrial, Robotiza\u00e7\u00e3o, Instrumenta\u00e7\u00e3o e afins.<\/p>\n<h2>Unisanta: tradi\u00e7\u00e3o no ensino de Engenharia Eletr\u00f4nica<\/h2>\n<p>Trabalhos e pesquisas s\u00e3o incentivadas em diversas \u00e1reas atrav\u00e9s dos v\u00e1rios n\u00facleos de estudos e laborat\u00f3rios do curso, como os grupos de L\u00f3gica Paraconsistente Aplicada em Automa\u00e7\u00e3o e Rob\u00f3tica, L\u00f3gica Aplicada em Sistemas Inteligentes, Pesquisa em M\u00e9todos Tecnol\u00f3gicos Aplicados \u00e0 Bioengenharia e Pesquisa em Engenharia Aplicada, estimulando a participa\u00e7\u00e3o de alunos em competi\u00e7\u00f5es e congressos nacionais (como o Congresso Nacional de Inicia\u00e7\u00e3o Cient\u00edfica) e Neorama, evento de fomento ao empreendedorismo e inova\u00e7\u00e3o, possibilitando o desenvolvimento de diversas habilidades e aliando teoria \u00e0 pr\u00e1tica.<\/p>\n<p>Um dos projetos de maior impacto nos \u00faltimos anos \u00e9 um sistema que dispensa o uso dos pedais dos caiaques de alta performance, permitindo que parapl\u00e9gicos possam movimentar o equipamento atrav\u00e9s de um leme que pode ser acionado com as m\u00e3os. O projeto foi totalmente desenvolvido por estudantes dos cursos de Engenharia Eletr\u00f4nica e Engenharia Mec\u00e2nica da universidade e vencedor do concurso Neorama, realizado pela Funda\u00e7\u00e3o Parque Tecnol\u00f3gico de Santos (FPTS) com o apoio da Prefeitura Municipal de Santos.<\/p>\n<p>Saiba mais sobre o curso de <a href=\"http:\/\/unisanta.br\/Graduacao\/Engenharia_Eletronica\" target=\"_blank\" rel=\"noopener\">Engenharia Eletr\u00f4nica<\/a> (p\u00e1gina externa)<\/p>\n","protected":false},"excerpt":{"rendered":"<p>Voc\u00ea sabe o que faz um engenheiro eletr\u00f4nico? O engenheiro eletr\u00f4nico \u00e9 um profissional especializado que possui os conhecimentos e as habilidades espec\u00edficas necess\u00e1rias para o projeto e desenvolvimento de componentes e sistemas eletr\u00f4nicos. Suas habilidades envolvem desde o estudo e a especifica\u00e7\u00e3o dos materiais a serem utilizados at\u00e9 a&#8230;<\/p>\n","protected":false},"author":3,"featured_media":0,"parent":0,"menu_order":0,"comment_status":"closed","ping_status":"closed","template":"","meta":{"_mi_skip_tracking":false},"_links":{"self":[{"href":"https:\/\/engenharia.unisanta.br\/computacao\/wp-json\/wp\/v2\/pages\/1987"}],"collection":[{"href":"https:\/\/engenharia.unisanta.br\/computacao\/wp-json\/wp\/v2\/pages"}],"about":[{"href":"https:\/\/engenharia.unisanta.br\/computacao\/wp-json\/wp\/v2\/types\/page"}],"author":[{"embeddable":true,"href":"https:\/\/engenharia.unisanta.br\/computacao\/wp-json\/wp\/v2\/users\/3"}],"replies":[{"embeddable":true,"href":"https:\/\/engenharia.unisanta.br\/computacao\/wp-json\/wp\/v2\/comments?post=1987"}],"version-history":[{"count":3,"href":"https:\/\/engenharia.unisanta.br\/computacao\/wp-json\/wp\/v2\/pages\/1987\/revisions"}],"predecessor-version":[{"id":2588,"href":"https:\/\/engenharia.unisanta.br\/computacao\/wp-json\/wp\/v2\/pages\/1987\/revisions\/2588"}],"wp:attachment":[{"href":"https:\/\/engenharia.unisanta.br\/computacao\/wp-json\/wp\/v2\/media?parent=1987"}],"curies":[{"name":"wp","href":"https:\/\/api.w.org\/{rel}","templated":true}]}}