{"id":1985,"date":"2018-05-20T15:24:40","date_gmt":"2018-05-20T18:24:40","guid":{"rendered":"http:\/\/engenharia.unisanta.br\/computacao\/?page_id=1985"},"modified":"2019-04-10T15:11:10","modified_gmt":"2019-04-10T18:11:10","slug":"nucleos-2","status":"publish","type":"page","link":"https:\/\/engenharia.unisanta.br\/computacao\/nucleos-2\/","title":{"rendered":"N\u00facleos"},"content":{"rendered":"<p>Clique nos links abaixo e conhe\u00e7a os diferentes n\u00facleos, laborat\u00f3rios e grupos acad\u00eamicos de apoio a pesquisa mantidos pelas Faculdades de Engenharia de Computa\u00e7\u00e3o e Engenharia Eletr\u00f4nica da Unisanta.<\/p>\n<p><a href=\"nucleo-de-pesquisas-em-eletronica\/\">N\u00facleo de Pesquisas em Eletr\u00f4nica<\/a><\/p>\n<p><a href=\"grupo-de-pesquisa-em-engenharia-aplicada\/\">Grupo de Pesquisa em Engenharia Aplicada<\/a><\/p>\n<p><a href=\"grupo-de-logica-paraconsistente-aplicada\/\">Grupo de L\u00f3gica Paraconsistente Anotada<\/a><\/p>\n","protected":false},"excerpt":{"rendered":"<p>Clique nos links abaixo e conhe\u00e7a os diferentes n\u00facleos, laborat\u00f3rios e grupos acad\u00eamicos de apoio a pesquisa mantidos pelas Faculdades de Engenharia de Computa\u00e7\u00e3o e Engenharia Eletr\u00f4nica da Unisanta. N\u00facleo de Pesquisas em Eletr\u00f4nica Grupo de Pesquisa em Engenharia Aplicada Grupo de L\u00f3gica Paraconsistente Anotada<\/p>\n","protected":false},"author":3,"featured_media":0,"parent":0,"menu_order":0,"comment_status":"closed","ping_status":"closed","template":"","meta":{"_mi_skip_tracking":false},"_links":{"self":[{"href":"https:\/\/engenharia.unisanta.br\/computacao\/wp-json\/wp\/v2\/pages\/1985"}],"collection":[{"href":"https:\/\/engenharia.unisanta.br\/computacao\/wp-json\/wp\/v2\/pages"}],"about":[{"href":"https:\/\/engenharia.unisanta.br\/computacao\/wp-json\/wp\/v2\/types\/page"}],"author":[{"embeddable":true,"href":"https:\/\/engenharia.unisanta.br\/computacao\/wp-json\/wp\/v2\/users\/3"}],"replies":[{"embeddable":true,"href":"https:\/\/engenharia.unisanta.br\/computacao\/wp-json\/wp\/v2\/comments?post=1985"}],"version-history":[{"count":1,"href":"https:\/\/engenharia.unisanta.br\/computacao\/wp-json\/wp\/v2\/pages\/1985\/revisions"}],"predecessor-version":[{"id":1986,"href":"https:\/\/engenharia.unisanta.br\/computacao\/wp-json\/wp\/v2\/pages\/1985\/revisions\/1986"}],"wp:attachment":[{"href":"https:\/\/engenharia.unisanta.br\/computacao\/wp-json\/wp\/v2\/media?parent=1985"}],"curies":[{"name":"wp","href":"https:\/\/api.w.org\/{rel}","templated":true}]}}