{"id":1983,"date":"2018-05-20T15:24:16","date_gmt":"2018-05-20T18:24:16","guid":{"rendered":"http:\/\/engenharia.unisanta.br\/computacao\/?page_id=1983"},"modified":"2018-06-22T12:31:14","modified_gmt":"2018-06-22T15:31:14","slug":"grupo-de-logica-paraconsistente-aplicada","status":"publish","type":"page","link":"https:\/\/engenharia.unisanta.br\/computacao\/grupo-de-logica-paraconsistente-aplicada\/","title":{"rendered":"Grupo de L\u00f3gica Paraconsistente Aplicada"},"content":{"rendered":"<p>O GLPA (Grupo de L\u00f3gica Paraconsistente Aplicada) investiga e ap\u00f3ia trabalhos desenvolvidos e direcionados \u00e0s aplica\u00e7\u00f5es de t\u00e9cnicas de Intelig\u00eancia Artificial que fazem uso dos conceitos das L\u00f3gicas N\u00e3o-Cl\u00e1ssicas.<\/p>\n<p>Sediado na Unisanta, o grupo \u00e9 composto por docentes e alunos da pr\u00f3pria universidade e de diversas institui\u00e7\u00f5es nacionais e internacionais interessadas na pesquisa e divulga\u00e7\u00e3o de novos meios de aplica\u00e7\u00e3o da LPA em v\u00e1rias \u00e1reas de Intelig\u00eancia Artificial.<\/p>\n<h2>Pesquisas<\/h2>\n<p>As pesquisas do GLPA s\u00e3o direcionadas para a cria\u00e7\u00e3o de Sistemas Especialistas, de Automa\u00e7\u00e3o e Controle fundamentados em L\u00f3gica Paraconsistente Anotada e aplicados em projetos tecnol\u00f3gicos abrangendo diversos campos do conhecimento.<\/p>\n<p>Com o intuito de divulgar as aplica\u00e7\u00f5es da L\u00f3gica Paraconsistente, o grupo promove, em parceria com o Departamento de P\u00f3s-Gradua\u00e7\u00e3o da Unisanta, cursos de extens\u00e3o e treinamento. Informa\u00e7\u00f5es adicionais sobre estes cursos podem ser obtidas atrav\u00e9s do site do GLPA, da Secretaria de P\u00f3s-Gradua\u00e7\u00e3o, Pesquisa e Extens\u00e3o da Unisanta ou do e-mail do Prof. Dr. Jo\u00e3o In\u00e1cio da Silva Filho (inacio@unisanta.br), coordenador do GLPA.<\/p>\n<p>Atualmente, o GLPA desenvolve diversas pesquisas envolvendo aplica\u00e7\u00f5es da L\u00f3gica Paraconsistente no Programa de Mestrado em Engenharia Mec\u00e2nica &#8211; PPGEMec da Unisanta em duas linhas de pesquisa: Gerenciamento Eletroenerg\u00e9tico e Automa\u00e7\u00e3o e Controle de Processos.<\/p>\n<p>Muitas disserta\u00e7\u00f5es aplicando a LPA em temas ligados \u00e0s engenharias e \u00e0s ci\u00eancias da computa\u00e7\u00e3o j\u00e1 foram defendidas, com relevantes contribui\u00e7\u00f5es nestas \u00e1reas de conhecimento. O material das disserta\u00e7\u00f5es com pesquisas utilizando a LPA encontra-se dispon\u00edvel no site do Mestrado em Engenharia Mec\u00e2nica.<\/p>\n<h2>Localiza\u00e7\u00e3o<\/h2>\n<p>O GLPA est\u00e1 sediado nas depend\u00eancias do NPE (N\u00facleo de Pesquisa em Eletr\u00f4nica) da Faculdade de Engenharia El\u00e9trica da Unisanta, que fica situado na Rua Oswaldo Cruz, 283 (sala M-513).<\/p>\n","protected":false},"excerpt":{"rendered":"<p>O GLPA (Grupo de L\u00f3gica Paraconsistente Aplicada) investiga e ap\u00f3ia trabalhos desenvolvidos e direcionados \u00e0s aplica\u00e7\u00f5es de t\u00e9cnicas de Intelig\u00eancia Artificial que fazem uso dos conceitos das L\u00f3gicas N\u00e3o-Cl\u00e1ssicas. Sediado na Unisanta, o grupo \u00e9 composto por docentes e alunos da pr\u00f3pria universidade e de diversas institui\u00e7\u00f5es nacionais e internacionais&#8230;<\/p>\n","protected":false},"author":3,"featured_media":0,"parent":0,"menu_order":0,"comment_status":"closed","ping_status":"closed","template":"","meta":{"_mi_skip_tracking":false},"_links":{"self":[{"href":"https:\/\/engenharia.unisanta.br\/computacao\/wp-json\/wp\/v2\/pages\/1983"}],"collection":[{"href":"https:\/\/engenharia.unisanta.br\/computacao\/wp-json\/wp\/v2\/pages"}],"about":[{"href":"https:\/\/engenharia.unisanta.br\/computacao\/wp-json\/wp\/v2\/types\/page"}],"author":[{"embeddable":true,"href":"https:\/\/engenharia.unisanta.br\/computacao\/wp-json\/wp\/v2\/users\/3"}],"replies":[{"embeddable":true,"href":"https:\/\/engenharia.unisanta.br\/computacao\/wp-json\/wp\/v2\/comments?post=1983"}],"version-history":[{"count":3,"href":"https:\/\/engenharia.unisanta.br\/computacao\/wp-json\/wp\/v2\/pages\/1983\/revisions"}],"predecessor-version":[{"id":2340,"href":"https:\/\/engenharia.unisanta.br\/computacao\/wp-json\/wp\/v2\/pages\/1983\/revisions\/2340"}],"wp:attachment":[{"href":"https:\/\/engenharia.unisanta.br\/computacao\/wp-json\/wp\/v2\/media?parent=1983"}],"curies":[{"name":"wp","href":"https:\/\/api.w.org\/{rel}","templated":true}]}}