{"id":1979,"date":"2018-05-20T15:22:58","date_gmt":"2018-05-20T18:22:58","guid":{"rendered":"http:\/\/engenharia.unisanta.br\/computacao\/?page_id=1979"},"modified":"2019-04-11T10:59:16","modified_gmt":"2019-04-11T13:59:16","slug":"nucleo-de-pesquisas-em-eletronica","status":"publish","type":"page","link":"https:\/\/engenharia.unisanta.br\/computacao\/nucleo-de-pesquisas-em-eletronica\/","title":{"rendered":"N\u00facleo de Pesquisas em Eletr\u00f4nica"},"content":{"rendered":"<p>O N\u00facleo de Pesquisas em Eletr\u00f4nica (NPE) \u00e9 um \u00f3rg\u00e3o ligado \u00e0s Faculdades de Engenharia El\u00e9trica, Engenharia Eletr\u00f4nica e Engenharia de Computa\u00e7\u00e3o da Unisanta e foi criado para dar apoio t\u00e9cnico as pesquisas e trabalhos desenvolvidos por alunos e pesquisadores da \u00e1rea de Engenharia.<\/p>\n<p><img loading=\"lazy\" class=\"alignnone size-full wp-image-2656\" src=\"https:\/\/engenharia.unisanta.br\/computacao\/wp-content\/uploads\/2019\/04\/npe-unisanta-kit-acoplamento-optico-mosfet-1.jpg\" alt=\"\" width=\"800\" height=\"449\" srcset=\"https:\/\/engenharia.unisanta.br\/computacao\/wp-content\/uploads\/2019\/04\/npe-unisanta-kit-acoplamento-optico-mosfet-1.jpg 800w, https:\/\/engenharia.unisanta.br\/computacao\/wp-content\/uploads\/2019\/04\/npe-unisanta-kit-acoplamento-optico-mosfet-1-300x168.jpg 300w, https:\/\/engenharia.unisanta.br\/computacao\/wp-content\/uploads\/2019\/04\/npe-unisanta-kit-acoplamento-optico-mosfet-1-768x431.jpg 768w\" sizes=\"(max-width: 800px) 100vw, 800px\" \/><\/p>\n<p>O NPE conta com laborat\u00f3rio de eletr\u00f4nica e coordena os laborat\u00f3rios de softwares (salas M-515 e M-517). Ambos os laborat\u00f3rios est\u00e3o equipados com instrumentos e ferramental pr\u00f3prios ao desenvolvimento de projetos eletr\u00f4nicos de hardware e software.<\/p>\n<p>Al\u00e9m de apoiar projetos desenvolvidos pelos alunos de gradua\u00e7\u00e3o, o NPE gerencia o PUA (Programa Universit\u00e1rio da Altera) e abriga o GPEA (Grupo de Pesquisa em Engenharia Aplicada). O GPEA tem como \u00eanfase as pesquisas relacionadas a Processos de Gera\u00e7\u00e3o e Distribui\u00e7\u00e3o de Energia, Automa\u00e7\u00e3o e Controle de Processos e Sensores e Aquisi\u00e7\u00e3o de Dados Ve\u00edculos A\u00e9reos N\u00e3o-Tripulados (VANTs).<\/p>\n<p><img loading=\"lazy\" class=\"alignnone size-full wp-image-2657\" src=\"https:\/\/engenharia.unisanta.br\/computacao\/wp-content\/uploads\/2019\/04\/npe-unisanta-paracanoagem-1.png\" alt=\"\" width=\"800\" height=\"449\" srcset=\"https:\/\/engenharia.unisanta.br\/computacao\/wp-content\/uploads\/2019\/04\/npe-unisanta-paracanoagem-1.png 800w, https:\/\/engenharia.unisanta.br\/computacao\/wp-content\/uploads\/2019\/04\/npe-unisanta-paracanoagem-1-300x168.png 300w, https:\/\/engenharia.unisanta.br\/computacao\/wp-content\/uploads\/2019\/04\/npe-unisanta-paracanoagem-1-768x431.png 768w\" sizes=\"(max-width: 800px) 100vw, 800px\" \/><\/p>\n<p>Entre os trabalhos de destaque do n\u00facleo est\u00e3o o desenvolvimento de sistema de transmiss\u00e3o de comandos utilizando comunica\u00e7\u00e3o por luz vis\u00edvel, o <a href=\"https:\/\/engenharia.unisanta.br\/computacao\/noticias\/uma-ideia-que-surgiu-na-sala-de-aula-e-pode-chegar-ao-havai\/\">sistema de movimenta\u00e7\u00e3o autom\u00e1tica de quilha em um caiaque voltado para o deficiente f\u00edsico<\/a> (segundo lugar no Neorama 2016), estudo para o reaproveitamento de \u00e1gua utilizada em lavadoras de roupas atrav\u00e9s de sensores de turbidez (projeto que garantiu o pr\u00eamio especial em Preserva\u00e7\u00e3o Ambiental no CONIC 2016), o primeiro lugar na categoria \u201cTrabalho em andamento\u201d no CONIC 2016, o sistema de preven\u00e7\u00e3o de acidentes envolvendo crian\u00e7as em ve\u00edculos automotores e o pr\u00eamio de melhor trabalho entre institui\u00e7\u00f5es p\u00fablicas e privadas no CONIC 2017, com o desenvolvimento de uma janela inteligente acionada atrav\u00e9s de sensores ou dispositivo celular.<\/p>\n<p>O NPE e a Unisanta mant\u00eam ainda parceria com a Incubadora de Empresas de Santos, fornecendo apoio did\u00e1tico e aparelhamento para o desenvolvimento de projetos e manuten\u00e7\u00e3o de circuitos eletr\u00f4nicos utilizados na \u00e1rea de telecomunica\u00e7\u00f5es, computa\u00e7\u00e3o e controle industrial.<\/p>\n<p>O NPE est\u00e1 localizado na Faculdade de Engenharia El\u00e9trica da Unisanta (Rua Oswaldo Cruz, 283, sala M-513) e \u00e9 coordenado pelo Prof. Mauricio Concei\u00e7\u00e3o Mario.<\/p>\n","protected":false},"excerpt":{"rendered":"<p>O N\u00facleo de Pesquisas em Eletr\u00f4nica (NPE) \u00e9 um \u00f3rg\u00e3o ligado \u00e0s Faculdades de Engenharia El\u00e9trica, Engenharia Eletr\u00f4nica e Engenharia de Computa\u00e7\u00e3o da Unisanta e foi criado para dar apoio t\u00e9cnico as pesquisas e trabalhos desenvolvidos por alunos e pesquisadores da \u00e1rea de Engenharia. O NPE conta com laborat\u00f3rio de&#8230;<\/p>\n","protected":false},"author":3,"featured_media":0,"parent":0,"menu_order":0,"comment_status":"closed","ping_status":"closed","template":"","meta":{"_mi_skip_tracking":false},"_links":{"self":[{"href":"https:\/\/engenharia.unisanta.br\/computacao\/wp-json\/wp\/v2\/pages\/1979"}],"collection":[{"href":"https:\/\/engenharia.unisanta.br\/computacao\/wp-json\/wp\/v2\/pages"}],"about":[{"href":"https:\/\/engenharia.unisanta.br\/computacao\/wp-json\/wp\/v2\/types\/page"}],"author":[{"embeddable":true,"href":"https:\/\/engenharia.unisanta.br\/computacao\/wp-json\/wp\/v2\/users\/3"}],"replies":[{"embeddable":true,"href":"https:\/\/engenharia.unisanta.br\/computacao\/wp-json\/wp\/v2\/comments?post=1979"}],"version-history":[{"count":6,"href":"https:\/\/engenharia.unisanta.br\/computacao\/wp-json\/wp\/v2\/pages\/1979\/revisions"}],"predecessor-version":[{"id":2659,"href":"https:\/\/engenharia.unisanta.br\/computacao\/wp-json\/wp\/v2\/pages\/1979\/revisions\/2659"}],"wp:attachment":[{"href":"https:\/\/engenharia.unisanta.br\/computacao\/wp-json\/wp\/v2\/media?parent=1979"}],"curies":[{"name":"wp","href":"https:\/\/api.w.org\/{rel}","templated":true}]}}