{"id":1975,"date":"2018-05-20T15:21:47","date_gmt":"2018-05-20T18:21:47","guid":{"rendered":"http:\/\/engenharia.unisanta.br\/computacao\/?page_id=1975"},"modified":"2019-05-01T17:37:00","modified_gmt":"2019-05-01T20:37:00","slug":"tcc","status":"publish","type":"page","link":"https:\/\/engenharia.unisanta.br\/computacao\/tcc\/","title":{"rendered":"Trabalhos de Conclus\u00e3o de Curso (TCCs)"},"content":{"rendered":"<p>Atrav\u00e9s desta p\u00e1gina, \u00e9 poss\u00edvel consultar uma rela\u00e7\u00e3o de Trabalhos de Conclus\u00e3o de Curso (TCCs), especialmente selecionados e organizados por ano, desenvolvidos por alunos dos cursos de <a href=\"engenharia-de-computacao\">Engenharia de Computa\u00e7\u00e3o<\/a> e <a href=\"engenharia-eletronica\">Engenharia Eletr\u00f4nica<\/a> da Unisanta.<\/p>\n<p>Parte dos trabalhos aqui listados pode ser encontrada e consultada no <a href=\"nucleo-de-pesquisas-em-eletronica\">N\u00facleo de Pesquisas em Eletr\u00f4nica (NPE)<\/a>, \u00f3rg\u00e3o ligado \u00e0s Faculdades de Engenharia El\u00e9trica e Engenharia de Computa\u00e7\u00e3o, e criado para dar apoio t\u00e9cnico as pesquisas e trabalhos desenvolvidos por professores, alunos e pesquisadores da \u00e1rea de Engenharia da Universidade Santa Cec\u00edlia. O NPE est\u00e1 localizado na Faculdade de Engenharia El\u00e9trica da Unisanta (Rua Oswaldo Cruz, 283, sala M-513).<\/p>\n<p>Clique sobre o ano para acessar uma sele\u00e7\u00e3o de Trabalhos de Conclus\u00e3o de Curso apresentados no per\u00edodo correspondente:<\/p>\n<ul>\n<li><a href=\"https:\/\/engenharia.unisanta.br\/computacao\/tcc\/tccs-2018\/\">2018<\/a><\/li>\n<li><a href=\"https:\/\/engenharia.unisanta.br\/computacao\/tcc\/tccs-2017\/\">2017<\/a><\/li>\n<li><a href=\"https:\/\/engenharia.unisanta.br\/computacao\/tcc\/tccs-2016\/\">2016<\/a><\/li>\n<li><a href=\"https:\/\/engenharia.unisanta.br\/computacao\/tcc\/tccs-2015\/\">2015<\/a><\/li>\n<li><a href=\"https:\/\/engenharia.unisanta.br\/computacao\/tcc\/tccs-2014\/\">2014<\/a><\/li>\n<li><a href=\"https:\/\/engenharia.unisanta.br\/computacao\/tcc\/tccs-2013\/\">2013<\/a><\/li>\n<li><a href=\"https:\/\/engenharia.unisanta.br\/computacao\/tcc\/tccs-2012\/\">2012<\/a><\/li>\n<li><a href=\"https:\/\/engenharia.unisanta.br\/computacao\/tcc\/tccs-2011\/\">2011<\/a><\/li>\n<li><a href=\"https:\/\/engenharia.unisanta.br\/computacao\/tcc\/tccs-2010\/\">2010<\/a><\/li>\n<li><a href=\"https:\/\/engenharia.unisanta.br\/computacao\/tcc\/tccs-2009\/\">2009<\/a><\/li>\n<li><a href=\"https:\/\/engenharia.unisanta.br\/computacao\/tcc\/tccs-2008\/\">2008<\/a><\/li>\n<li><a href=\"https:\/\/engenharia.unisanta.br\/computacao\/tcc\/tccs-2006\/\">2006<\/a><\/li>\n<li><a href=\"https:\/\/engenharia.unisanta.br\/computacao\/tcc\/tccs-2005\/\">2005<\/a><\/li>\n<li><a href=\"https:\/\/engenharia.unisanta.br\/computacao\/tcc\/tccs-2004\/\">2004<\/a><\/li>\n<\/ul>\n","protected":false},"excerpt":{"rendered":"<p>Atrav\u00e9s desta p\u00e1gina, \u00e9 poss\u00edvel consultar uma rela\u00e7\u00e3o de Trabalhos de Conclus\u00e3o de Curso (TCCs), especialmente selecionados e organizados por ano, desenvolvidos por alunos dos cursos de Engenharia de Computa\u00e7\u00e3o e Engenharia Eletr\u00f4nica da Unisanta. Parte dos trabalhos aqui listados pode ser encontrada e consultada no N\u00facleo de Pesquisas em&#8230;<\/p>\n","protected":false},"author":3,"featured_media":0,"parent":0,"menu_order":0,"comment_status":"closed","ping_status":"closed","template":"","meta":{"_mi_skip_tracking":false},"_links":{"self":[{"href":"https:\/\/engenharia.unisanta.br\/computacao\/wp-json\/wp\/v2\/pages\/1975"}],"collection":[{"href":"https:\/\/engenharia.unisanta.br\/computacao\/wp-json\/wp\/v2\/pages"}],"about":[{"href":"https:\/\/engenharia.unisanta.br\/computacao\/wp-json\/wp\/v2\/types\/page"}],"author":[{"embeddable":true,"href":"https:\/\/engenharia.unisanta.br\/computacao\/wp-json\/wp\/v2\/users\/3"}],"replies":[{"embeddable":true,"href":"https:\/\/engenharia.unisanta.br\/computacao\/wp-json\/wp\/v2\/comments?post=1975"}],"version-history":[{"count":11,"href":"https:\/\/engenharia.unisanta.br\/computacao\/wp-json\/wp\/v2\/pages\/1975\/revisions"}],"predecessor-version":[{"id":2743,"href":"https:\/\/engenharia.unisanta.br\/computacao\/wp-json\/wp\/v2\/pages\/1975\/revisions\/2743"}],"wp:attachment":[{"href":"https:\/\/engenharia.unisanta.br\/computacao\/wp-json\/wp\/v2\/media?parent=1975"}],"curies":[{"name":"wp","href":"https:\/\/api.w.org\/{rel}","templated":true}]}}